{"id":10661,"date":"2025-11-12T12:34:05","date_gmt":"2025-11-12T11:34:05","guid":{"rendered":"http:\/\/new.crewlinesports.local\/product\/red-visor\/"},"modified":"2026-03-26T15:43:05","modified_gmt":"2026-03-26T14:43:05","slug":"visiere-rouge","status":"publish","type":"product","link":"https:\/\/crewline.wouaw.fr\/en\/product\/visiere-rouge\/","title":{"rendered":"VISIERE ROUGE"},"content":{"rendered":"<p>Visi\u00e8re avec sandwich contrast\u00e9.100% coton Fermeture Velcro. Logo Crew Line brod\u00e9.<\/p>\n","protected":false},"excerpt":{"rendered":"<p>Visi\u00e8re avec sandwich contrast\u00e9.100% coton Fermeture Velcro. Logo Crew Line brod\u00e9.<\/p>\n","protected":false},"featured_media":10662,"template":"","meta":{"site-sidebar-layout":"default","site-content-layout":"","ast-site-content-layout":"default","site-content-style":"default","site-sidebar-style":"default","ast-global-header-display":"","ast-banner-title-visibility":"","ast-main-header-display":"","ast-hfb-above-header-display":"","ast-hfb-below-header-display":"","ast-hfb-mobile-header-display":"","site-post-title":"","ast-breadcrumbs-content":"","ast-featured-img":"","footer-sml-layout":"","ast-disable-related-posts":"","theme-transparent-header-meta":"","adv-header-id-meta":"","stick-header-meta":"","header-above-stick-meta":"","header-main-stick-meta":"","header-below-stick-meta":"","astra-migrate-meta-layouts":"default","ast-page-background-enabled":"default","ast-page-background-meta":{"desktop":{"background-color":"var(--ast-global-color-5)","background-image":"","background-repeat":"repeat","background-position":"center center","background-size":"auto","background-attachment":"scroll","background-type":"","background-media":"","overlay-type":"","overlay-color":"","overlay-opacity":"","overlay-gradient":""},"tablet":{"background-color":"","background-image":"","background-repeat":"repeat","background-position":"center center","background-size":"auto","background-attachment":"scroll","background-type":"","background-media":"","overlay-type":"","overlay-color":"","overlay-opacity":"","overlay-gradient":""},"mobile":{"background-color":"","background-image":"","background-repeat":"repeat","background-position":"center center","background-size":"auto","background-attachment":"scroll","background-type":"","background-media":"","overlay-type":"","overlay-color":"","overlay-opacity":"","overlay-gradient":""}},"ast-content-background-meta":{"desktop":{"background-color":"var(--ast-global-color-4)","background-image":"","background-repeat":"repeat","background-position":"center center","background-size":"auto","background-attachment":"scroll","background-type":"","background-media":"","overlay-type":"","overlay-color":"","overlay-opacity":"","overlay-gradient":""},"tablet":{"background-color":"var(--ast-global-color-4)","background-image":"","background-repeat":"repeat","background-position":"center center","background-size":"auto","background-attachment":"scroll","background-type":"","background-media":"","overlay-type":"","overlay-color":"","overlay-opacity":"","overlay-gradient":""},"mobile":{"background-color":"var(--ast-global-color-4)","background-image":"","background-repeat":"repeat","background-position":"center center","background-size":"auto","background-attachment":"scroll","background-type":"","background-media":"","overlay-type":"","overlay-color":"","overlay-opacity":"","overlay-gradient":""}}},"product_brand":[],"product_cat":[300],"product_tag":[],"class_list":{"0":"post-10661","1":"product","2":"type-product","3":"status-publish","4":"has-post-thumbnail","6":"product_cat-visors","7":"pa_taille-taille-unique","8":"desktop-align-left","9":"tablet-align-left","10":"mobile-align-left","12":"first","13":"instock","14":"taxable","15":"shipping-taxable","16":"purchasable","17":"product-type-variable"},"_links":{"self":[{"href":"https:\/\/crewline.wouaw.fr\/en\/wp-json\/wp\/v2\/product\/10661","targetHints":{"allow":["GET"]}}],"collection":[{"href":"https:\/\/crewline.wouaw.fr\/en\/wp-json\/wp\/v2\/product"}],"about":[{"href":"https:\/\/crewline.wouaw.fr\/en\/wp-json\/wp\/v2\/types\/product"}],"wp:featuredmedia":[{"embeddable":true,"href":"https:\/\/crewline.wouaw.fr\/en\/wp-json\/wp\/v2\/media\/10662"}],"wp:attachment":[{"href":"https:\/\/crewline.wouaw.fr\/en\/wp-json\/wp\/v2\/media?parent=10661"}],"wp:term":[{"taxonomy":"product_brand","embeddable":true,"href":"https:\/\/crewline.wouaw.fr\/en\/wp-json\/wp\/v2\/product_brand?post=10661"},{"taxonomy":"product_cat","embeddable":true,"href":"https:\/\/crewline.wouaw.fr\/en\/wp-json\/wp\/v2\/product_cat?post=10661"},{"taxonomy":"product_tag","embeddable":true,"href":"https:\/\/crewline.wouaw.fr\/en\/wp-json\/wp\/v2\/product_tag?post=10661"}],"curies":[{"name":"wp","href":"https:\/\/api.w.org\/{rel}","templated":true}]}}