{"id":10801,"date":"2025-11-12T12:30:48","date_gmt":"2025-11-12T11:30:48","guid":{"rendered":"http:\/\/new.crewlinesports.local\/product\/u-clip\/"},"modified":"2025-12-02T12:53:09","modified_gmt":"2025-12-02T11:53:09","slug":"u-clip","status":"publish","type":"product","link":"https:\/\/crewline.wouaw.fr\/en\/product\/u-clip\/","title":{"rendered":"U-CLIP"},"content":{"rendered":"<div class=\"product__description quick-add-hidden rte\">\n<p class=\"pimportant\"><span style=\"font-size: 12px;\">DISPONIBLES EN 4MM SEULEMENT !!<br \/>\nClips de r\u00e9glage de dame de nage innovants, con\u00e7us pour un ajustement facile d\u2019une seule main.<br \/>\nDisponibles en trois \u00e9paisseurs : 2 mm, 4 mm et 6 mm, correspondant respectivement \u00e0 une, deux ou trois rondelles.<\/span><\/p>\n<p>Fini les gal\u00e8res de r\u00e9glage, m\u00eame en solo. Plus besoin d\u2019utiliser les deux mains pour retirer un clip ! Gr\u00e2ce \u00e0 leur design ergonomique, les U-Clips se manipulent facilement d\u2019une seule main et restent solidement en place.<br \/>\nL\u2019angoisse du clip tomb\u00e9 \u00e0 l\u2019eau est termin\u00e9e. Tous les U-Clips flottent, m\u00eame le mod\u00e8le ultra-fin de 2 mm.<br \/>\nVous \u00eates serein \u00e0 chaque sortie.<br \/>\nDans le feu de l\u2019action, un clip classique peut se d\u00e9tacher. Pas les n\u00f4tres ! Leur cran de s\u00fbret\u00e9 int\u00e9gr\u00e9 assure une fixation fiable, m\u00eame en conditions extr\u00eames.<br \/>\nNos U-Clips sont indestructibles : ils r\u00e9sistent \u00e0 l\u2019usure et vous accompagneront toute la vie du bateau.<br \/>\nEt comme ils flottent, vous ne les perdez pas. Moins de remplacements, z\u00e9ro pollution plastique au fond de l\u2019eau.<\/p>\n<\/div>\n","protected":false},"excerpt":{"rendered":"<p>DISPONIBLES EN 4MM SEULEMENT !! Clips de r\u00e9glage de dame de nage innovants, con\u00e7us pour un ajustement facile d\u2019une seule [&hellip;]<\/p>\n","protected":false},"featured_media":10802,"template":"","meta":{"site-sidebar-layout":"default","site-content-layout":"","ast-site-content-layout":"default","site-content-style":"default","site-sidebar-style":"default","ast-global-header-display":"","ast-banner-title-visibility":"","ast-main-header-display":"","ast-hfb-above-header-display":"","ast-hfb-below-header-display":"","ast-hfb-mobile-header-display":"","site-post-title":"","ast-breadcrumbs-content":"","ast-featured-img":"","footer-sml-layout":"","ast-disable-related-posts":"","theme-transparent-header-meta":"default","adv-header-id-meta":"","stick-header-meta":"","header-above-stick-meta":"","header-main-stick-meta":"","header-below-stick-meta":"","astra-migrate-meta-layouts":"set","ast-page-background-enabled":"default","ast-page-background-meta":{"desktop":{"background-color":"var(--ast-global-color-5)","background-image":"","background-repeat":"repeat","background-position":"center center","background-size":"auto","background-attachment":"scroll","background-type":"","background-media":"","overlay-type":"","overlay-color":"","overlay-opacity":"","overlay-gradient":""},"tablet":{"background-color":"","background-image":"","background-repeat":"repeat","background-position":"center center","background-size":"auto","background-attachment":"scroll","background-type":"","background-media":"","overlay-type":"","overlay-color":"","overlay-opacity":"","overlay-gradient":""},"mobile":{"background-color":"","background-image":"","background-repeat":"repeat","background-position":"center center","background-size":"auto","background-attachment":"scroll","background-type":"","background-media":"","overlay-type":"","overlay-color":"","overlay-opacity":"","overlay-gradient":""}},"ast-content-background-meta":{"desktop":{"background-color":"var(--ast-global-color-4)","background-image":"","background-repeat":"repeat","background-position":"center center","background-size":"auto","background-attachment":"scroll","background-type":"","background-media":"","overlay-type":"","overlay-color":"","overlay-opacity":"","overlay-gradient":""},"tablet":{"background-color":"var(--ast-global-color-4)","background-image":"","background-repeat":"repeat","background-position":"center center","background-size":"auto","background-attachment":"scroll","background-type":"","background-media":"","overlay-type":"","overlay-color":"","overlay-opacity":"","overlay-gradient":""},"mobile":{"background-color":"var(--ast-global-color-4)","background-image":"","background-repeat":"repeat","background-position":"center center","background-size":"auto","background-attachment":"scroll","background-type":"","background-media":"","overlay-type":"","overlay-color":"","overlay-opacity":"","overlay-gradient":""}}},"product_brand":[],"product_cat":[291],"product_tag":[],"class_list":{"0":"post-10801","1":"product","2":"type-product","3":"status-publish","4":"has-post-thumbnail","6":"product_cat-technical-accessories","7":"pa_taille-taille-unique","8":"desktop-align-left","9":"tablet-align-left","10":"mobile-align-left","12":"first","13":"instock","14":"taxable","15":"shipping-taxable","16":"purchasable","17":"product-type-variable"},"_links":{"self":[{"href":"https:\/\/crewline.wouaw.fr\/en\/wp-json\/wp\/v2\/product\/10801","targetHints":{"allow":["GET"]}}],"collection":[{"href":"https:\/\/crewline.wouaw.fr\/en\/wp-json\/wp\/v2\/product"}],"about":[{"href":"https:\/\/crewline.wouaw.fr\/en\/wp-json\/wp\/v2\/types\/product"}],"wp:featuredmedia":[{"embeddable":true,"href":"https:\/\/crewline.wouaw.fr\/en\/wp-json\/wp\/v2\/media\/10802"}],"wp:attachment":[{"href":"https:\/\/crewline.wouaw.fr\/en\/wp-json\/wp\/v2\/media?parent=10801"}],"wp:term":[{"taxonomy":"product_brand","embeddable":true,"href":"https:\/\/crewline.wouaw.fr\/en\/wp-json\/wp\/v2\/product_brand?post=10801"},{"taxonomy":"product_cat","embeddable":true,"href":"https:\/\/crewline.wouaw.fr\/en\/wp-json\/wp\/v2\/product_cat?post=10801"},{"taxonomy":"product_tag","embeddable":true,"href":"https:\/\/crewline.wouaw.fr\/en\/wp-json\/wp\/v2\/product_tag?post=10801"}],"curies":[{"name":"wp","href":"https:\/\/api.w.org\/{rel}","templated":true}]}}