{"id":10875,"date":"2025-11-12T12:28:56","date_gmt":"2025-11-12T11:28:56","guid":{"rendered":"http:\/\/new.crewlinesports.local\/product\/cowl-neck-top-blue\/"},"modified":"2025-11-27T10:41:57","modified_gmt":"2025-11-27T09:41:57","slug":"t-shirt-col-femme-bleu","status":"publish","type":"product","link":"https:\/\/crewline.wouaw.fr\/en\/product\/t-shirt-col-femme-bleu\/","title":{"rendered":"T-SHIRT COL FEMME BLEU"},"content":{"rendered":"<p>92% Polyester \/ 8% Elasthanne. 210gr\/m\u00b2. Tissu CoolFit avec de l&#8217;\u00e9lasthanne, \u00e9lastique et confortable Coupe sportive. Capuche col b\u00e9nitier r\u00e9glable, passe pouce. Le produit taille grand pr\u00e9voir une taille en dessous. XS38 S40 M42 L44<\/p>\n","protected":false},"excerpt":{"rendered":"<p><img decoding=\"async\" style=\"height: 100px; width: 400px;\" src=\"\/datas_clients\/userfiles\/image\/col%20boule%20femme(1).jpg\" alt=\"\" \/><\/p>\n","protected":false},"featured_media":10876,"template":"","meta":{"site-sidebar-layout":"default","site-content-layout":"","ast-site-content-layout":"default","site-content-style":"default","site-sidebar-style":"default","ast-global-header-display":"","ast-banner-title-visibility":"","ast-main-header-display":"","ast-hfb-above-header-display":"","ast-hfb-below-header-display":"","ast-hfb-mobile-header-display":"","site-post-title":"","ast-breadcrumbs-content":"","ast-featured-img":"","footer-sml-layout":"","ast-disable-related-posts":"","theme-transparent-header-meta":"default","adv-header-id-meta":"","stick-header-meta":"","header-above-stick-meta":"","header-main-stick-meta":"","header-below-stick-meta":"","astra-migrate-meta-layouts":"set","ast-page-background-enabled":"default","ast-page-background-meta":{"desktop":{"background-color":"var(--ast-global-color-5)","background-image":"","background-repeat":"repeat","background-position":"center center","background-size":"auto","background-attachment":"scroll","background-type":"","background-media":"","overlay-type":"","overlay-color":"","overlay-opacity":"","overlay-gradient":""},"tablet":{"background-color":"","background-image":"","background-repeat":"repeat","background-position":"center center","background-size":"auto","background-attachment":"scroll","background-type":"","background-media":"","overlay-type":"","overlay-color":"","overlay-opacity":"","overlay-gradient":""},"mobile":{"background-color":"","background-image":"","background-repeat":"repeat","background-position":"center center","background-size":"auto","background-attachment":"scroll","background-type":"","background-media":"","overlay-type":"","overlay-color":"","overlay-opacity":"","overlay-gradient":""}},"ast-content-background-meta":{"desktop":{"background-color":"var(--ast-global-color-4)","background-image":"","background-repeat":"repeat","background-position":"center center","background-size":"auto","background-attachment":"scroll","background-type":"","background-media":"","overlay-type":"","overlay-color":"","overlay-opacity":"","overlay-gradient":""},"tablet":{"background-color":"var(--ast-global-color-4)","background-image":"","background-repeat":"repeat","background-position":"center center","background-size":"auto","background-attachment":"scroll","background-type":"","background-media":"","overlay-type":"","overlay-color":"","overlay-opacity":"","overlay-gradient":""},"mobile":{"background-color":"var(--ast-global-color-4)","background-image":"","background-repeat":"repeat","background-position":"center center","background-size":"auto","background-attachment":"scroll","background-type":"","background-media":"","overlay-type":"","overlay-color":"","overlay-opacity":"","overlay-gradient":""}}},"product_brand":[],"product_cat":[319],"product_tag":[],"class_list":{"0":"post-10875","1":"product","2":"type-product","3":"status-publish","4":"has-post-thumbnail","6":"product_cat-long-sleeves-t-shirts","7":"pa_taille-l","8":"pa_taille-m","9":"pa_taille-s","10":"pa_taille-xs","11":"desktop-align-left","12":"tablet-align-left","13":"mobile-align-left","15":"first","16":"instock","17":"taxable","18":"shipping-taxable","19":"purchasable","20":"product-type-variable"},"_links":{"self":[{"href":"https:\/\/crewline.wouaw.fr\/en\/wp-json\/wp\/v2\/product\/10875","targetHints":{"allow":["GET"]}}],"collection":[{"href":"https:\/\/crewline.wouaw.fr\/en\/wp-json\/wp\/v2\/product"}],"about":[{"href":"https:\/\/crewline.wouaw.fr\/en\/wp-json\/wp\/v2\/types\/product"}],"wp:featuredmedia":[{"embeddable":true,"href":"https:\/\/crewline.wouaw.fr\/en\/wp-json\/wp\/v2\/media\/10876"}],"wp:attachment":[{"href":"https:\/\/crewline.wouaw.fr\/en\/wp-json\/wp\/v2\/media?parent=10875"}],"wp:term":[{"taxonomy":"product_brand","embeddable":true,"href":"https:\/\/crewline.wouaw.fr\/en\/wp-json\/wp\/v2\/product_brand?post=10875"},{"taxonomy":"product_cat","embeddable":true,"href":"https:\/\/crewline.wouaw.fr\/en\/wp-json\/wp\/v2\/product_cat?post=10875"},{"taxonomy":"product_tag","embeddable":true,"href":"https:\/\/crewline.wouaw.fr\/en\/wp-json\/wp\/v2\/product_tag?post=10875"}],"curies":[{"name":"wp","href":"https:\/\/api.w.org\/{rel}","templated":true}]}}