{"id":11295,"date":"2025-11-12T12:18:19","date_gmt":"2025-11-12T11:18:19","guid":{"rendered":"http:\/\/new.crewlinesports.local\/product\/calf-protectors-pair\/"},"modified":"2026-03-30T12:42:27","modified_gmt":"2026-03-30T10:42:27","slug":"protege-mollets","status":"publish","type":"product","link":"https:\/\/crewline.wouaw.fr\/en\/product\/protege-mollets\/","title":{"rendered":"PROTEGES MOLLETS"},"content":{"rendered":"<p>Composition : 49% coton, 30% polyamide, 18% kevlar, 3% Elasthanne Vendu par paire. Taille : Hauteur 15 cm &#8211; Circonf\u00e9rence : 20 cm environ extensible. Ces prot\u00e8ge-mollets ont \u00e9t\u00e9 sp\u00e9cialement con\u00e7us pour la pratique de l&#8217;aviron. En effet, ils sont renforc\u00e9s \u00e0 l&#8217;arri\u00e8re avec une fibre kevlar qui en assure la plus grande r\u00e9sistance. Le kevlar est une fibre synth\u00e9tique thermoplastique particuli\u00e8rement r\u00e9sistante et rigide gr\u00e2ce \u00e0 son r\u00e9seau de liaisons hydrog\u00e8ne entre les cha\u00eenes polym\u00e8res. Il est utilis\u00e9 pour ses qualit\u00e9s m\u00e9caniques, sa l\u00e9g\u00e8ret\u00e9, sa tr\u00e8s faible dilatation thermique, son absorption des vibrations, son excellente r\u00e9sistance au choc.<\/p>\n","protected":false},"excerpt":{"rendered":"<p>Taille\u00a0 : Hauteur 15 cm &#8211; Circonf\u00e9rence : 20 cm environ extensible.<\/p>\n<p>&nbsp;<\/p>\n","protected":false},"featured_media":13154,"template":"","meta":{"site-sidebar-layout":"default","site-content-layout":"","ast-site-content-layout":"default","site-content-style":"default","site-sidebar-style":"default","ast-global-header-display":"","ast-banner-title-visibility":"","ast-main-header-display":"","ast-hfb-above-header-display":"","ast-hfb-below-header-display":"","ast-hfb-mobile-header-display":"","site-post-title":"","ast-breadcrumbs-content":"","ast-featured-img":"","footer-sml-layout":"","ast-disable-related-posts":"","theme-transparent-header-meta":"default","adv-header-id-meta":"","stick-header-meta":"","header-above-stick-meta":"","header-main-stick-meta":"","header-below-stick-meta":"","astra-migrate-meta-layouts":"set","ast-page-background-enabled":"default","ast-page-background-meta":{"desktop":{"background-color":"var(--ast-global-color-5)","background-image":"","background-repeat":"repeat","background-position":"center center","background-size":"auto","background-attachment":"scroll","background-type":"","background-media":"","overlay-type":"","overlay-color":"","overlay-opacity":"","overlay-gradient":""},"tablet":{"background-color":"","background-image":"","background-repeat":"repeat","background-position":"center center","background-size":"auto","background-attachment":"scroll","background-type":"","background-media":"","overlay-type":"","overlay-color":"","overlay-opacity":"","overlay-gradient":""},"mobile":{"background-color":"","background-image":"","background-repeat":"repeat","background-position":"center center","background-size":"auto","background-attachment":"scroll","background-type":"","background-media":"","overlay-type":"","overlay-color":"","overlay-opacity":"","overlay-gradient":""}},"ast-content-background-meta":{"desktop":{"background-color":"var(--ast-global-color-4)","background-image":"","background-repeat":"repeat","background-position":"center center","background-size":"auto","background-attachment":"scroll","background-type":"","background-media":"","overlay-type":"","overlay-color":"","overlay-opacity":"","overlay-gradient":""},"tablet":{"background-color":"var(--ast-global-color-4)","background-image":"","background-repeat":"repeat","background-position":"center center","background-size":"auto","background-attachment":"scroll","background-type":"","background-media":"","overlay-type":"","overlay-color":"","overlay-opacity":"","overlay-gradient":""},"mobile":{"background-color":"var(--ast-global-color-4)","background-image":"","background-repeat":"repeat","background-position":"center center","background-size":"auto","background-attachment":"scroll","background-type":"","background-media":"","overlay-type":"","overlay-color":"","overlay-opacity":"","overlay-gradient":""}}},"product_brand":[],"product_cat":[299,291],"product_tag":[],"class_list":{"0":"post-11295","1":"product","2":"type-product","3":"status-publish","4":"has-post-thumbnail","6":"product_cat-pogies-seat-pads-socks","7":"product_cat-technical-accessories","8":"pa_taille-taille-unique","9":"desktop-align-left","10":"tablet-align-left","11":"mobile-align-left","13":"first","14":"instock","15":"featured","16":"taxable","17":"shipping-taxable","18":"purchasable","19":"product-type-variable"},"_links":{"self":[{"href":"https:\/\/crewline.wouaw.fr\/en\/wp-json\/wp\/v2\/product\/11295","targetHints":{"allow":["GET"]}}],"collection":[{"href":"https:\/\/crewline.wouaw.fr\/en\/wp-json\/wp\/v2\/product"}],"about":[{"href":"https:\/\/crewline.wouaw.fr\/en\/wp-json\/wp\/v2\/types\/product"}],"wp:featuredmedia":[{"embeddable":true,"href":"https:\/\/crewline.wouaw.fr\/en\/wp-json\/wp\/v2\/media\/13154"}],"wp:attachment":[{"href":"https:\/\/crewline.wouaw.fr\/en\/wp-json\/wp\/v2\/media?parent=11295"}],"wp:term":[{"taxonomy":"product_brand","embeddable":true,"href":"https:\/\/crewline.wouaw.fr\/en\/wp-json\/wp\/v2\/product_brand?post=11295"},{"taxonomy":"product_cat","embeddable":true,"href":"https:\/\/crewline.wouaw.fr\/en\/wp-json\/wp\/v2\/product_cat?post=11295"},{"taxonomy":"product_tag","embeddable":true,"href":"https:\/\/crewline.wouaw.fr\/en\/wp-json\/wp\/v2\/product_tag?post=11295"}],"curies":[{"name":"wp","href":"https:\/\/api.w.org\/{rel}","templated":true}]}}