{"id":11358,"date":"2025-11-12T12:15:37","date_gmt":"2025-11-12T11:15:37","guid":{"rendered":"http:\/\/new.crewlinesports.local\/product\/azr-sunglasses-5043\/"},"modified":"2026-02-13T12:34:05","modified_gmt":"2026-02-13T11:34:05","slug":"lunettes-azr-5043","status":"publish","type":"product","link":"https:\/\/crewline.wouaw.fr\/en\/product\/lunettes-azr-5043\/","title":{"rendered":"LUNETTES AZR 5043"},"content":{"rendered":"<p class=\"pimportant\"><span style=\"font-size: 12px;\">L\u00e9g\u00e8re et tr\u00e8s enveloppante pour un champs de vison exceptionnel.<\/span><br \/>\n<span style=\"font-size: 12px;\">Dot\u00e9e d\u2019un syst\u00e8me d\u2019a\u00e9ration sur le haut de l\u2019\u00e9cran pour augmenter le flux d\u2019air.<br \/>\nL\u2019\u00e9cran dispose \u00e9galement d\u2019un traitement hydrophobe pour diminuer les traces.<\/span><\/p>\n<p><span style=\"font-size: 12px;\"><span style=\"color: #0070c0;\"><u>LES + PRODUITS :<\/u><\/span><br \/>\n&#8211; \u00c9cran de haute qualit\u00e9 2 ventilations pour favoriser le flux d\u2019air et \u00e9viter la bu\u00e9e.<br \/>\n&#8211; Poids : 30 gr.<br \/>\n&#8211; Nez\u00a0 et embouts de branches antiglisse : maintien et confort.<\/span><br \/>\n&#8211; Vendu avec une coque rigide et un \u00e9tui souple<\/p>\n<p class=\"pimportant\"><span style=\"font-size: 12px;\"><span style=\"color: #0070c0;\">Ecran :<\/span><br \/>\n&#8211; \u00c9cran CYLINDRIQUE en polycarbonate tr\u00e8s protecteur et encore plus enveloppante et assure une protection 100% anti-UV. .<br \/>\n&#8211; \u00c9cran traitement hydrophobe permet de r\u00e9duire les traces sur l\u2019\u00e9cran notamment d\u2019eau.<br \/>\n&#8211; \u00c9cran\u00a0multicouche cat\u00e9gorie 3\u00a0<\/span><\/p>\n<p><u><span style=\"color: #0070c0;\"><u>NORME :<\/u><\/span><\/u><br \/>\n&#8211; Homologu\u00e9 normes CE<br \/>\n&#8211; Toutes nos lunettes AZR sont conformes aux r\u00e8glements UE 2016\/425, selon la norme ISO ISO 12312-1 : 2022.<\/p>\n","protected":false},"excerpt":{"rendered":"<p>L\u00e9g\u00e8re et tr\u00e8s enveloppante pour un champs de vison exceptionnel. Dot\u00e9e d\u2019un syst\u00e8me d\u2019a\u00e9ration sur le haut de l\u2019\u00e9cran pour [&hellip;]<\/p>\n","protected":false},"featured_media":13271,"template":"","meta":{"site-sidebar-layout":"default","site-content-layout":"","ast-site-content-layout":"default","site-content-style":"default","site-sidebar-style":"default","ast-global-header-display":"","ast-banner-title-visibility":"","ast-main-header-display":"","ast-hfb-above-header-display":"","ast-hfb-below-header-display":"","ast-hfb-mobile-header-display":"","site-post-title":"","ast-breadcrumbs-content":"","ast-featured-img":"","footer-sml-layout":"","ast-disable-related-posts":"","theme-transparent-header-meta":"default","adv-header-id-meta":"","stick-header-meta":"","header-above-stick-meta":"","header-main-stick-meta":"","header-below-stick-meta":"","astra-migrate-meta-layouts":"set","ast-page-background-enabled":"default","ast-page-background-meta":{"desktop":{"background-color":"var(--ast-global-color-5)","background-image":"","background-repeat":"repeat","background-position":"center center","background-size":"auto","background-attachment":"scroll","background-type":"","background-media":"","overlay-type":"","overlay-color":"","overlay-opacity":"","overlay-gradient":""},"tablet":{"background-color":"","background-image":"","background-repeat":"repeat","background-position":"center center","background-size":"auto","background-attachment":"scroll","background-type":"","background-media":"","overlay-type":"","overlay-color":"","overlay-opacity":"","overlay-gradient":""},"mobile":{"background-color":"","background-image":"","background-repeat":"repeat","background-position":"center center","background-size":"auto","background-attachment":"scroll","background-type":"","background-media":"","overlay-type":"","overlay-color":"","overlay-opacity":"","overlay-gradient":""}},"ast-content-background-meta":{"desktop":{"background-color":"var(--ast-global-color-4)","background-image":"","background-repeat":"repeat","background-position":"center center","background-size":"auto","background-attachment":"scroll","background-type":"","background-media":"","overlay-type":"","overlay-color":"","overlay-opacity":"","overlay-gradient":""},"tablet":{"background-color":"var(--ast-global-color-4)","background-image":"","background-repeat":"repeat","background-position":"center center","background-size":"auto","background-attachment":"scroll","background-type":"","background-media":"","overlay-type":"","overlay-color":"","overlay-opacity":"","overlay-gradient":""},"mobile":{"background-color":"var(--ast-global-color-4)","background-image":"","background-repeat":"repeat","background-position":"center center","background-size":"auto","background-attachment":"scroll","background-type":"","background-media":"","overlay-type":"","overlay-color":"","overlay-opacity":"","overlay-gradient":""}}},"product_brand":[],"product_cat":[297],"product_tag":[],"class_list":{"0":"post-11358","1":"product","2":"type-product","3":"status-publish","4":"has-post-thumbnail","6":"product_cat-sunglasses","7":"pa_taille-taille-unique","8":"desktop-align-left","9":"tablet-align-left","10":"mobile-align-left","12":"first","13":"instock","14":"featured","15":"taxable","16":"shipping-taxable","17":"purchasable","18":"product-type-variable"},"_links":{"self":[{"href":"https:\/\/crewline.wouaw.fr\/en\/wp-json\/wp\/v2\/product\/11358","targetHints":{"allow":["GET"]}}],"collection":[{"href":"https:\/\/crewline.wouaw.fr\/en\/wp-json\/wp\/v2\/product"}],"about":[{"href":"https:\/\/crewline.wouaw.fr\/en\/wp-json\/wp\/v2\/types\/product"}],"wp:featuredmedia":[{"embeddable":true,"href":"https:\/\/crewline.wouaw.fr\/en\/wp-json\/wp\/v2\/media\/13271"}],"wp:attachment":[{"href":"https:\/\/crewline.wouaw.fr\/en\/wp-json\/wp\/v2\/media?parent=11358"}],"wp:term":[{"taxonomy":"product_brand","embeddable":true,"href":"https:\/\/crewline.wouaw.fr\/en\/wp-json\/wp\/v2\/product_brand?post=11358"},{"taxonomy":"product_cat","embeddable":true,"href":"https:\/\/crewline.wouaw.fr\/en\/wp-json\/wp\/v2\/product_cat?post=11358"},{"taxonomy":"product_tag","embeddable":true,"href":"https:\/\/crewline.wouaw.fr\/en\/wp-json\/wp\/v2\/product_tag?post=11358"}],"curies":[{"name":"wp","href":"https:\/\/api.w.org\/{rel}","templated":true}]}}