{"id":11636,"date":"2025-11-12T12:08:14","date_gmt":"2025-11-12T11:08:14","guid":{"rendered":"http:\/\/new.crewlinesports.local\/product\/red-seat-pad\/"},"modified":"2025-12-02T12:51:42","modified_gmt":"2025-12-02T11:51:42","slug":"coussin-coulisse-rouge","status":"publish","type":"product","link":"https:\/\/crewline.wouaw.fr\/en\/product\/coussin-coulisse-rouge\/","title":{"rendered":"COUSSIN COULISSE ROUGE"},"content":{"rendered":"<p>Coussin de coulisse en N\u00e9opr\u00e9ne de 0.8 cm. Anti-d\u00e9rapant,indispensable pour les longues sorties. Dimensions : 30 x 19 cm Fabriqu\u00e9 en Savoie.<\/p>\n","protected":false},"excerpt":{"rendered":"<p>Coussin de coulisse en N\u00e9opr\u00e9ne de 0.8 cm. Anti-d\u00e9rapant,indispensable pour les longues sorties. Dimensions : 30 x 19 cm Fabriqu\u00e9 [&hellip;]<\/p>\n","protected":false},"featured_media":11637,"template":"","meta":{"site-sidebar-layout":"default","site-content-layout":"","ast-site-content-layout":"default","site-content-style":"default","site-sidebar-style":"default","ast-global-header-display":"","ast-banner-title-visibility":"","ast-main-header-display":"","ast-hfb-above-header-display":"","ast-hfb-below-header-display":"","ast-hfb-mobile-header-display":"","site-post-title":"","ast-breadcrumbs-content":"","ast-featured-img":"","footer-sml-layout":"","ast-disable-related-posts":"","theme-transparent-header-meta":"default","adv-header-id-meta":"","stick-header-meta":"","header-above-stick-meta":"","header-main-stick-meta":"","header-below-stick-meta":"","astra-migrate-meta-layouts":"set","ast-page-background-enabled":"default","ast-page-background-meta":{"desktop":{"background-color":"var(--ast-global-color-5)","background-image":"","background-repeat":"repeat","background-position":"center center","background-size":"auto","background-attachment":"scroll","background-type":"","background-media":"","overlay-type":"","overlay-color":"","overlay-opacity":"","overlay-gradient":""},"tablet":{"background-color":"","background-image":"","background-repeat":"repeat","background-position":"center center","background-size":"auto","background-attachment":"scroll","background-type":"","background-media":"","overlay-type":"","overlay-color":"","overlay-opacity":"","overlay-gradient":""},"mobile":{"background-color":"","background-image":"","background-repeat":"repeat","background-position":"center center","background-size":"auto","background-attachment":"scroll","background-type":"","background-media":"","overlay-type":"","overlay-color":"","overlay-opacity":"","overlay-gradient":""}},"ast-content-background-meta":{"desktop":{"background-color":"var(--ast-global-color-4)","background-image":"","background-repeat":"repeat","background-position":"center center","background-size":"auto","background-attachment":"scroll","background-type":"","background-media":"","overlay-type":"","overlay-color":"","overlay-opacity":"","overlay-gradient":""},"tablet":{"background-color":"var(--ast-global-color-4)","background-image":"","background-repeat":"repeat","background-position":"center center","background-size":"auto","background-attachment":"scroll","background-type":"","background-media":"","overlay-type":"","overlay-color":"","overlay-opacity":"","overlay-gradient":""},"mobile":{"background-color":"var(--ast-global-color-4)","background-image":"","background-repeat":"repeat","background-position":"center center","background-size":"auto","background-attachment":"scroll","background-type":"","background-media":"","overlay-type":"","overlay-color":"","overlay-opacity":"","overlay-gradient":""}}},"product_brand":[],"product_cat":[299,291],"product_tag":[],"class_list":{"0":"post-11636","1":"product","2":"type-product","3":"status-publish","4":"has-post-thumbnail","6":"product_cat-pogies-seat-pads-socks","7":"product_cat-technical-accessories","8":"pa_taille-taille-unique","9":"desktop-align-left","10":"tablet-align-left","11":"mobile-align-left","13":"first","14":"instock","15":"featured","16":"taxable","17":"shipping-taxable","18":"purchasable","19":"product-type-variable"},"_links":{"self":[{"href":"https:\/\/crewline.wouaw.fr\/en\/wp-json\/wp\/v2\/product\/11636","targetHints":{"allow":["GET"]}}],"collection":[{"href":"https:\/\/crewline.wouaw.fr\/en\/wp-json\/wp\/v2\/product"}],"about":[{"href":"https:\/\/crewline.wouaw.fr\/en\/wp-json\/wp\/v2\/types\/product"}],"wp:featuredmedia":[{"embeddable":true,"href":"https:\/\/crewline.wouaw.fr\/en\/wp-json\/wp\/v2\/media\/11637"}],"wp:attachment":[{"href":"https:\/\/crewline.wouaw.fr\/en\/wp-json\/wp\/v2\/media?parent=11636"}],"wp:term":[{"taxonomy":"product_brand","embeddable":true,"href":"https:\/\/crewline.wouaw.fr\/en\/wp-json\/wp\/v2\/product_brand?post=11636"},{"taxonomy":"product_cat","embeddable":true,"href":"https:\/\/crewline.wouaw.fr\/en\/wp-json\/wp\/v2\/product_cat?post=11636"},{"taxonomy":"product_tag","embeddable":true,"href":"https:\/\/crewline.wouaw.fr\/en\/wp-json\/wp\/v2\/product_tag?post=11636"}],"curies":[{"name":"wp","href":"https:\/\/api.w.org\/{rel}","templated":true}]}}