{"id":12041,"date":"2025-11-12T11:59:16","date_gmt":"2025-11-12T10:59:16","guid":{"rendered":"http:\/\/new.crewlinesports.local\/product\/seamless-sports-bra-grey\/"},"modified":"2025-11-27T09:36:27","modified_gmt":"2025-11-27T08:36:27","slug":"brassiere-seamless-grise","status":"publish","type":"product","link":"https:\/\/crewline.wouaw.fr\/en\/product\/brassiere-seamless-grise\/","title":{"rendered":"BRASSIERE SEAMLESS GRISE"},"content":{"rendered":"<p>Soutien-gorge de sport sans couture avec rembourrage amovible. Dos nageur. Empi\u00e8cements en maille filet sur les bretelles avant. Empi\u00e8cement en V \u00e0 l&#8217;avant et au dos. Biais ton sur ton au niveau du col, des emmanchures et du dos. Composition : 60% Nylon, 32% Polyester, 8% Elasthanne. 265g\/m\u00b2 Taille : XS 86\/91cm S 91\/96cm M 96\/101cm L 107cm Instructions de lavage: Lavage en machine \u00e0 30\u00b0C. Programme synth\u00e9tiques. Ne pas utiliser d\u2019adoucissant. Lavage avec couleurs similaires. S\u00e9chage \u00e0 basse temp\u00e9rature. Repassage \u00e0 fer froid. Ne pas javelliser. Ne pas nettoyer \u00e0 sec.<\/p>\n","protected":false},"excerpt":{"rendered":"<p><img decoding=\"async\" src=\"data:image\/png;base64,iVBORw0KGgoAAAANSUhEUgAAAZ4AAACfCAYAAADJV78eAAARNUlEQVR4Xu2dbZozpxFF483ka\/9rsb2bxBo\/JB0CVNEN3UfSef\/YM4KiuAfqNkgz88vf\/\/bXf\/3FfyqgAiqgAipwkwK\/vIzn199+v2k4h5lR4J\/\/+PtfZDOj2H1tZXOf1mdGks8Z1e7p82Kj8dyj9alR3DynZLulk2xukfn0IPI5Ld32jhrPdomvDeDmuabfzt6y2anu9djyua7hrggazy5lF8V18ywSckMY2WwQdWFI+SwUc3EojWexoKvDuXlWK7ounmzWabkjknx2qLompsazRsdtUdw826S9HFg2lyXcGkA+W+W9FFzjuSTf\/s5unv0anx1BNmeVu6effO7R+cwoQ+N5vdj7Vz7i24Nbfz\/b7jheb\/xv+nhxtHlqjb5JmzMLfmWfDJsWj6jfyhy\/OdZIZxk8uzLSJ54WqPK90WtlemeN59sL6ezmcUPdt6EirctDwXENt753X8bfNdLs3vkudZ6drcbzrP7h6LObJyqG4YA2SCsQaa3xpKXc0nB272xJwqBNBTQe+MJw83ABZYznddqpbwaiftwZv1dm7h0ur9PGU0Od\/Tq6gnu9Xr9\/Ufp80\/VbVKRqjb5Jm6e3VYaNxvMcJY3nOe2jkS8ZTx28vssefZ01nm8vpFFxqxnMto8WiK\/3FYi07p10on5qvkYBjWeNjjuiXDKeGaPpLQIXxxjrrD4WtR3bpB0z0lrjuY9Fa6TZvfNstt81+injyZhIdPXmiSe30GY3T1QMc6PaKqNApPXx9d7\/Z8axzTkFZvfOuVHsdUaBW41nJsFyN97q803Xb5nidtTom7SZWU872mbYtH7eLeq3I9dvjBkZz7fXlifXRNp4nkzym8e2SHHpy4bL5pWZfLh8NB4um5\/M3DxcQLLhsnHv8Nn4h+DAjCxuXDiy4bLRePhsNB4wI4sbF45suGw0Hj4bjQfMyOLGhSMbLhuNh89G4wEzsrhx4ciGy0bj4bPReMCMLG5cOLLhstF4+Gw0HjAjixsXjmy4bDQePhuNB8zI4saFIxsuG42Hz0bjATOyuHHhyIbLRuPhs9F4wIwsblw4suGy0Xj4bDQeMCOLGxeObLhsNB4+G40HzMjixoUjGy4bjYfPRuMBM7K4ceHIhstG4+Gz0XjAjCxuXDiy4bLRePhsNB4wI4sbF45suGw0Hj4bjQfMyOLGhSMbLhuNh89G4wEzsrhx4ciGy0bj4bPReMCMLG5cOLLhstF4+Gw0HjAjixsXjmy4bDQePhuNB8zI4saFIxsuG42Hz0bjATOyuHHhyIbLRuPhs9F4wIwsblw4suGy0Xj4bDQeMCOLGxeObLhsNB4+G40HzMjixoUjGy4bjYfPRuMBM7K4ceHIhstG4+Gz0XjAjCxuXDiy4bLRePhsNB4wI4sbF45suGw0Hj4bjQfMyOLGhSMbLhuNh89G4wEzsrhx4ciGy0bj4bPReMCMLG5cOLLhstF4+Gw0HjAjixsXjmy4bDQePhuNB8zI4saFIxsuG42Hz0bjATOyuHHhyIbLRuPhs9F4wIwsblw4suGy0Xj4bDQeMCOLGxeObLhsNB4+mx\/jYadpdiqgAiqgAp+kgCceME2fqrlwZMNl44mHz0bjATOyuHHhyIbLRuPhs9F4wIwsblw4suGy0Xj4bDQeMCOLGxeObLhsNB4+G40HzMjixoUjGy4bjYfPRuMBM7K4ceHIhstG4+Gz0XjAjCxuXDiy4bLRePhsusbz2li9f7\/+9vt\/Xjq2O35\/BP+4aXvj1LHKgK32rXFbufdiUjFFxS3Svszr3eZN5XHMK2JT1n+PwYjdO8yfnuOIT1RDZLOX7kvf1ImnB7H+fvT10TxKMczGbvXtfS9TFPZKuyZ6tHnqB4Cepp+ixxpV10SJNB3thew+WZPpd0aJ+GRrRzbOd6p8btaXjCdjGKvaZJ4061PUJzzlzxjPaAm4ec5tkCuazrCTz\/18Rg+ymXqzPuPviajxwFlnile5FhgZrYVtPehI0\/J6i48nnvU86ogRn3IVGj2gZuLsn81njYAxnpaso\/d4Wq\/VJ56ZmFSskfG88h5dWWZMiTp3el5RQaq1b5lNmWNU\/OhaEPOL+GSMJxODOHd6Thjj6b1X0RLwyvUdHcjMU9vMU7MbaD35SNMRnxl26zP\/jogRH43nuXWANJ5oQWg8fy6YmeKV2YTPLcP3HDnSVON5lussn5mHvmdn9v6jXzKebPGLCmRrgURXTNHHtqNF9y7oZnSorxpnTpHvogcpz2iNaTzP0prlc8w26vvszN5\/9MvGU8ynSJH52ZvINEqs0cmmlt6f4\/nvez1H\/SIu77+En5tBpji92vQYjF57blafM3LE50p9+RyVnplJ2nieSc9Ro82jQs8pIJvntM+MLJ+MSs+00Xie0T09qpsnLdXtDWVzu+RTA8pnSq5bG2s8t8o9P5ibZ16zu3rI5i6lz40jn3O63dFL47lD5QtjuHkuiLe5q2w2C3wxvHwuCrixe2g8xzdASx69H97svV5\/2qo3n1fc1niv9tnfSVZiZ8Z8hx\/ac\/NsXP0XQ8vmooCbu8tns8AXwqeMJ\/oUWg04+rplDqPvvV6rjeT40\/q1MY3aX9Dqka5unkdkTw0qm5RMjzWSz2PShwNfNp4e3J5RHDNq9Z2NV9qPzO6dF+A75x6uvjdvIBs2QPlw+Wg8XDY\/mbl5uIBkw2Xj3uGzGf49nug9ntkTSubE05Is8x5PdB1Xx\/U9HvbipGen8bAJyYfL59SJJzKP7Hssmau2qE3vii1z1cfF8t\/M3DxcSrLhsvHEw2cTnnjO\/J2XTOGPTKVIN\/P+Tes9n3cuEO+cO3vpX89ONtc13BlBPjvVvRb78omn9WQxMorotJQxo8jUyvVg9Ke1r0l3T283zz06nxlFNmdUu6+PfO7TenakJcZTzKcMHn38uneSGR2PR+\/ffPIfhXPzzC7p+9rL5j6tz4wknzOq3dMnNJ570nCUngJuHu7akA2Xzeghlp31d2Sn8cA5W9y4gGTDZaPx8NkMP1zATv\/zs7O4cRnLhstG4+Gz0XjAjCxuXDiy4bLRePhsNB4wI4sbF45suGw0Hj4bjQfMyOLGhSMbLhuNh89G4wEzsrhx4ciGy0bj4bPReMCMLG5cOLLhstF4+Gw0HjAjixsXjmy4bDQePhuNB8zI4saFIxsuG42Hz0bjATOyuHHhyIbLRuPhs9F4wIwsblw4suGy0Xj4bDQeMCOLGxeObLhsNB4+G40HzMjixoUjGy4bjYfPRuMBM7K4ceHIhstG4+Gz0XjAjCxuXDiy4bLRePhsNB4wI4sbF45suGw0Hj4bjQfMyOLGhSMbLhuNh89G4wEzsrhx4ciGy0bj4bPReMCMLG5cOLLhstF4+Gw0HjAjixsXjmy4bDQePhuNB8zI4saFIxsuG42Hz+bHeNhpmp0KqIAKqMAnKeCJB0zTp2ouHNlw2Xji4bPReMCMLG5cOLLhstF4+Gw0HjAjixsXjmy4bDQePhuNB8zI4saFIxsuG42Hz0bjATOyuHHhyIbLRuPhs9F4wIwsblw4suGy0Xj4bDQeMCOLGxeObLhsNB4+G40HzMjixoUjGy4bjYfPZmg8mc31alP+\/frb7\/8z417\/1vevxjn2PyZRcopyifo\/gTLSP9Ksx+WJuXzamBGbUvxGe0M++1ZFxGe0d0pWUYx92X925Jeul4ynBtP6+iVhZEiZOHWM+qkmWiQZ44nGuHs5jOY00izS8+55fOJ4s+vt2F4++1fE2b1zNJ1W7dqf+eePcMl4okJ+NIaZItl62pgZq4ctihG9XseNCs+K5TMzhoVtheL5GDNs6oekJ9ZSfmaf0XKGT6ttORG1HkY\/Q6HnZoE2nqMsGVOIFloUI3r9CUzRnHoa+US9n9YMG41nP48rZt7bL7OM75\/le454m\/GMrsVa0Iuc2fdnSvwWhmyM8oRTx3jyiSez8FtPZhrP\/g2ZYXNcl711lI2zf0afNUJG196ppvTNxPgs1e6Zza3GczSf0bVQmfqqNq14rZMCsVjPLHyv2u7ZNNF66mVBPFHfq9i9o63YOzMx7p3de4+m8fzBb\/R08\/TCmxlf47l3M86w6V21zca4d4bvPdqMtvXeId16vDeFdvaXjKe1mTKnhrNXQ1HszEIbxWj1z8TcuTBG48\/M5el57NToqdiRpivW61Nz+4Rxz+6d1m3IJ+hBmkPKeFoJH++ri5G82kUfmx5dU4ziHPuV\/2+NFeVazLIVY\/YqJCo8K0BHY0Ta97Rakdu3x4jYRGvNp+q9Kyjik603T77Hu1eh56KHxvNcao7cOlGqCkeBqLBxMv3OTOTD5a7xcNn8ZObm4QKSDZeNe4fPxt\/VBmZkcePCkQ2XjcbDZ4M2Hurmviuvu8ZhL1NmdrJhcilZyYfLJ7xqm33DPTvVzKLItMmO12p3Nf7V\/pnc7xgjk4dt\/l8B2bBXhXy4fNDGs1u2d1iY75Djbk7U+LKhkvkzL\/lw+SwzntZHE2vw5evsxxiLbPWvvCn9Rx+nrj\/u3fq6lV89Zu+klGm3ArubZ4WKe2LIZo+uq6LKZ5WS6+MsMZ6RwfQMYLQoIsNq\/e61Xp\/Wk8\/RAHu\/xy17xbh7ce+Ov35JfU9E2bBZy4fLJ2U8vfSjX3o4YwbHMc4YWZ3jMUYm3ijXEb7di3t3fO7S5GcmGzYj+XD5pIwn88fRjtdnr+m++lwxnlqyKF452Rz7RaeZ2pxaY0ZXbWWuuxC7eXYpez2ubK5ruDOCfHaqey32EuPJnCjqK6+Zq7YyxRkju3ri6cl69mR0FpOb56xy+\/vJZr\/GV0aQzxX19vZdbjzl5BOdUGaMp7Q9xh4Z2ajdsV\/GnGr5W6eknb\/Lyc2zdwNciS6bK+rt7yuf\/RqfHWGJ8RyvuWrDaV3B1e2j66zZT7X1TO84TtRmZCYjcz0LInvCWh3feOcVsLCd1+6OnvK5Q+VzY4TGcy7snl7fuJC+cc57Vs\/6qLJZr+nKiPJZqebaWBrPWj2XR3PzLJd0WUDZLJNySyD5bJF1SdC3Mp4lM36zIG4eLjDZcNmU6\/yd77+yZ8\/OTuNh8\/HXfoD5aDxgOH+kJh8uH43nIpvdi3t3\/IvT\/+rusmHjlw+XT2g8d8KbHWu2\/SoM9bg789gZe5Ue3xpHNmzy8uHy0Xi4bH4yc\/NwAcmGy8a9w2cz\/ENwZXO9\/vv6N\/MbocvUz\/xMTBmvNWaJO8rt+Nrx54B6OfXGa33\/WHBG\/UY\/05R909Pixt1AsuGy0Xj4bELjORb\/uuhm\/9xA9PvejsaWvcqqzbBlCNHva2st0JZpHdtFr5e2Pd1mNoXFjbuBZMNlM7PH2LP4zOymr9pGm61XkHvS9QxmxnjO\/NmFelH25hR9f5RnNIds0cq2+8zlyZ6VbOTDVoCb3WXjOV411U\/40VXbyHhqyaITU8ZMerkeTyj11d7oqq2OF51wMnOq21jc2Jsne2XKncXnZube4bK9ZDzRU32ZdnRyqNtlF8yuE0eUb+Zkl9UmWhpZLaI4vr5eAdms13RlRPmsVHNtrJTx9J7kj2DL03\/0W6mP6a+4asvk1joNRaeT0Tx6xlPrkfnz2xFON0+k0HOvy+Y57TMjyyej0jNtUsZTinB9DXW8ojr7Ca4VV3VH0xudsiJzLH1rw6i\/3zLcWpvWom9d20XY3TyRQs+9LpvntM+MLJ+MSs+0CY3nmbQcdWSgqsNQwMLG4NDLQj5cPhoPl81PZm4eLiDZcNm4d\/hshj\/Hw07\/87OzuHEZy4bLRuPhs9F4wIwsblw4suGy0Xj4bDQeMCOLGxeObLhsNB4+G40HzMjixoUjGy4bjYfPRuMBM7K4ceHIhstG4+Gz0XjAjCxuXDiy4bLRePhsfoyHnabZqYAKqIAKfJIC\/wZ+jCi6oZ6JrQAAAABJRU5ErkJggg==\" \/><\/p>\n","protected":false},"featured_media":12042,"template":"","meta":{"site-sidebar-layout":"default","site-content-layout":"","ast-site-content-layout":"default","site-content-style":"default","site-sidebar-style":"default","ast-global-header-display":"","ast-banner-title-visibility":"","ast-main-header-display":"","ast-hfb-above-header-display":"","ast-hfb-below-header-display":"","ast-hfb-mobile-header-display":"","site-post-title":"","ast-breadcrumbs-content":"","ast-featured-img":"","footer-sml-layout":"","ast-disable-related-posts":"","theme-transparent-header-meta":"default","adv-header-id-meta":"","stick-header-meta":"","header-above-stick-meta":"","header-main-stick-meta":"","header-below-stick-meta":"","astra-migrate-meta-layouts":"set","ast-page-background-enabled":"default","ast-page-background-meta":{"desktop":{"background-color":"var(--ast-global-color-5)","background-image":"","background-repeat":"repeat","background-position":"center center","background-size":"auto","background-attachment":"scroll","background-type":"","background-media":"","overlay-type":"","overlay-color":"","overlay-opacity":"","overlay-gradient":""},"tablet":{"background-color":"","background-image":"","background-repeat":"repeat","background-position":"center center","background-size":"auto","background-attachment":"scroll","background-type":"","background-media":"","overlay-type":"","overlay-color":"","overlay-opacity":"","overlay-gradient":""},"mobile":{"background-color":"","background-image":"","background-repeat":"repeat","background-position":"center center","background-size":"auto","background-attachment":"scroll","background-type":"","background-media":"","overlay-type":"","overlay-color":"","overlay-opacity":"","overlay-gradient":""}},"ast-content-background-meta":{"desktop":{"background-color":"var(--ast-global-color-4)","background-image":"","background-repeat":"repeat","background-position":"center center","background-size":"auto","background-attachment":"scroll","background-type":"","background-media":"","overlay-type":"","overlay-color":"","overlay-opacity":"","overlay-gradient":""},"tablet":{"background-color":"var(--ast-global-color-4)","background-image":"","background-repeat":"repeat","background-position":"center center","background-size":"auto","background-attachment":"scroll","background-type":"","background-media":"","overlay-type":"","overlay-color":"","overlay-opacity":"","overlay-gradient":""},"mobile":{"background-color":"var(--ast-global-color-4)","background-image":"","background-repeat":"repeat","background-position":"center center","background-size":"auto","background-attachment":"scroll","background-type":"","background-media":"","overlay-type":"","overlay-color":"","overlay-opacity":"","overlay-gradient":""}}},"product_brand":[],"product_cat":[306],"product_tag":[],"class_list":{"0":"post-12041","1":"product","2":"type-product","3":"status-publish","4":"has-post-thumbnail","6":"product_cat-sports-bra","7":"pa_taille-l","8":"pa_taille-m","9":"pa_taille-s","10":"desktop-align-left","11":"tablet-align-left","12":"mobile-align-left","14":"first","15":"instock","16":"taxable","17":"shipping-taxable","18":"purchasable","19":"product-type-variable"},"_links":{"self":[{"href":"https:\/\/crewline.wouaw.fr\/en\/wp-json\/wp\/v2\/product\/12041","targetHints":{"allow":["GET"]}}],"collection":[{"href":"https:\/\/crewline.wouaw.fr\/en\/wp-json\/wp\/v2\/product"}],"about":[{"href":"https:\/\/crewline.wouaw.fr\/en\/wp-json\/wp\/v2\/types\/product"}],"wp:featuredmedia":[{"embeddable":true,"href":"https:\/\/crewline.wouaw.fr\/en\/wp-json\/wp\/v2\/media\/12042"}],"wp:attachment":[{"href":"https:\/\/crewline.wouaw.fr\/en\/wp-json\/wp\/v2\/media?parent=12041"}],"wp:term":[{"taxonomy":"product_brand","embeddable":true,"href":"https:\/\/crewline.wouaw.fr\/en\/wp-json\/wp\/v2\/product_brand?post=12041"},{"taxonomy":"product_cat","embeddable":true,"href":"https:\/\/crewline.wouaw.fr\/en\/wp-json\/wp\/v2\/product_cat?post=12041"},{"taxonomy":"product_tag","embeddable":true,"href":"https:\/\/crewline.wouaw.fr\/en\/wp-json\/wp\/v2\/product_tag?post=12041"}],"curies":[{"name":"wp","href":"https:\/\/api.w.org\/{rel}","templated":true}]}}