{"id":12215,"date":"2025-11-12T11:54:49","date_gmt":"2025-11-12T10:54:49","guid":{"rendered":"http:\/\/new.crewlinesports.local\/product\/sunglasses-azr-4601\/"},"modified":"2025-12-02T15:01:58","modified_gmt":"2025-12-02T14:01:58","slug":"lunettes-azr-4601","status":"publish","type":"product","link":"https:\/\/crewline.wouaw.fr\/en\/product\/lunettes-azr-4601\/","title":{"rendered":"LUNETTES AZR 4601"},"content":{"rendered":"<p>Mod\u00e8le SPEED RX dot\u00e9 d&#8217;un design rac\u00e9 pour les sportifs \u00e0 la recherche d&#8217;une lunette aux multiples technologies haut de gamme. Monture enveloppante et design, vous disposerez d\u2019un large champ de vison ainsi que d\u2019une protection optimale gr\u00e2ce \u00e0 son \u00e9cran cylindrique. Cet \u00e9cran dispose \u00e9galement d\u2019un traitement hydrophobe pour diminuer les traces notamment d\u2019eau. Pour une touche d&#8217;originalit\u00e9 l&#8217;\u00e9cran est biseaut\u00e9 sur son contour. Vous disposerez d\u2019un excellent maintien et confort gr\u00e2ce au nez et embout de branche r\u00e9glable et antiglisse en rubber. LES + PRODUITS : &#8211; \u00c9cran cylindrique ultra couvrant. &#8211; \u00c9cran de haute qualit\u00e9 4 ventilations pour favoriser le flux d\u2019air et \u00e9viter la bu\u00e9e. &#8211; Poids : 35 gr. &#8211; Nez ajustable : maintien et confort. &#8211; Embouts de branches r\u00e9glable antiglisse. CARATERISTIQUES : Monture : &#8211; Monture ultra l\u00e9g\u00e8re en GRILAMID. Ecrans : &#8211; \u00c9cran CYLINDRIQUE en polycarbonate incassable tr\u00e8s protecteur et encore plus enveloppante et assure une protection 100% anti-UV. . &#8211; \u00c9cran traitement hydrophobe permet de r\u00e9duire les traces sur l\u2019\u00e9cran notamment d\u2019eau. &#8211; \u00c9cran multicouche cat\u00e9gorie 3 : \u00e0 porter pour lutter contre une forte luminosit\u00e9. RANGEMENT : &#8211; Etui en microfibre. NORME : &#8211; Homologu\u00e9 normes CE &#8211; Toutes nos lunettes AZR sont conformes aux r\u00e8glements UE 2016\/425, selon la norme ISO 12312-1 : 2022 ENTRETIEN : Laver \u00e0 l\u2019eau savonneuse, essuyer avec un chiffon doux apr\u00e8s rin\u00e7age. \u00c9viter les risques d\u2019abrasion des \u00e9crans, afin de garantir leur conformit\u00e9. Apr\u00e8s chaque utilisation veuillez conserver votre lunette AZR dans la pochette.<\/p>\n","protected":false},"excerpt":{"rendered":"<p>Mod\u00e8le SPEED RX dot\u00e9 d&#8217;un design rac\u00e9 pour les sportifs \u00e0 la recherche d&#8217;une lunette aux multiples technologies haut de [&hellip;]<\/p>\n","protected":false},"featured_media":12216,"template":"","meta":{"site-sidebar-layout":"default","site-content-layout":"","ast-site-content-layout":"default","site-content-style":"default","site-sidebar-style":"default","ast-global-header-display":"","ast-banner-title-visibility":"","ast-main-header-display":"","ast-hfb-above-header-display":"","ast-hfb-below-header-display":"","ast-hfb-mobile-header-display":"","site-post-title":"","ast-breadcrumbs-content":"","ast-featured-img":"","footer-sml-layout":"","ast-disable-related-posts":"","theme-transparent-header-meta":"default","adv-header-id-meta":"","stick-header-meta":"","header-above-stick-meta":"","header-main-stick-meta":"","header-below-stick-meta":"","astra-migrate-meta-layouts":"set","ast-page-background-enabled":"default","ast-page-background-meta":{"desktop":{"background-color":"var(--ast-global-color-5)","background-image":"","background-repeat":"repeat","background-position":"center center","background-size":"auto","background-attachment":"scroll","background-type":"","background-media":"","overlay-type":"","overlay-color":"","overlay-opacity":"","overlay-gradient":""},"tablet":{"background-color":"","background-image":"","background-repeat":"repeat","background-position":"center center","background-size":"auto","background-attachment":"scroll","background-type":"","background-media":"","overlay-type":"","overlay-color":"","overlay-opacity":"","overlay-gradient":""},"mobile":{"background-color":"","background-image":"","background-repeat":"repeat","background-position":"center center","background-size":"auto","background-attachment":"scroll","background-type":"","background-media":"","overlay-type":"","overlay-color":"","overlay-opacity":"","overlay-gradient":""}},"ast-content-background-meta":{"desktop":{"background-color":"var(--ast-global-color-4)","background-image":"","background-repeat":"repeat","background-position":"center center","background-size":"auto","background-attachment":"scroll","background-type":"","background-media":"","overlay-type":"","overlay-color":"","overlay-opacity":"","overlay-gradient":""},"tablet":{"background-color":"var(--ast-global-color-4)","background-image":"","background-repeat":"repeat","background-position":"center center","background-size":"auto","background-attachment":"scroll","background-type":"","background-media":"","overlay-type":"","overlay-color":"","overlay-opacity":"","overlay-gradient":""},"mobile":{"background-color":"var(--ast-global-color-4)","background-image":"","background-repeat":"repeat","background-position":"center center","background-size":"auto","background-attachment":"scroll","background-type":"","background-media":"","overlay-type":"","overlay-color":"","overlay-opacity":"","overlay-gradient":""}}},"product_brand":[],"product_cat":[297],"product_tag":[],"class_list":{"0":"post-12215","1":"product","2":"type-product","3":"status-publish","4":"has-post-thumbnail","6":"product_cat-sunglasses","7":"pa_taille-taille-unique","8":"desktop-align-left","9":"tablet-align-left","10":"mobile-align-left","12":"first","13":"instock","14":"taxable","15":"shipping-taxable","16":"purchasable","17":"product-type-variable"},"_links":{"self":[{"href":"https:\/\/crewline.wouaw.fr\/en\/wp-json\/wp\/v2\/product\/12215","targetHints":{"allow":["GET"]}}],"collection":[{"href":"https:\/\/crewline.wouaw.fr\/en\/wp-json\/wp\/v2\/product"}],"about":[{"href":"https:\/\/crewline.wouaw.fr\/en\/wp-json\/wp\/v2\/types\/product"}],"wp:featuredmedia":[{"embeddable":true,"href":"https:\/\/crewline.wouaw.fr\/en\/wp-json\/wp\/v2\/media\/12216"}],"wp:attachment":[{"href":"https:\/\/crewline.wouaw.fr\/en\/wp-json\/wp\/v2\/media?parent=12215"}],"wp:term":[{"taxonomy":"product_brand","embeddable":true,"href":"https:\/\/crewline.wouaw.fr\/en\/wp-json\/wp\/v2\/product_brand?post=12215"},{"taxonomy":"product_cat","embeddable":true,"href":"https:\/\/crewline.wouaw.fr\/en\/wp-json\/wp\/v2\/product_cat?post=12215"},{"taxonomy":"product_tag","embeddable":true,"href":"https:\/\/crewline.wouaw.fr\/en\/wp-json\/wp\/v2\/product_tag?post=12215"}],"curies":[{"name":"wp","href":"https:\/\/api.w.org\/{rel}","templated":true}]}}