{"id":12224,"date":"2025-11-12T11:54:48","date_gmt":"2025-11-12T10:54:48","guid":{"rendered":"http:\/\/new.crewlinesports.local\/product\/sunglasses-azr-4533\/"},"modified":"2025-12-02T15:03:22","modified_gmt":"2025-12-02T14:03:22","slug":"lunette-azr-4533","status":"publish","type":"product","link":"https:\/\/crewline.wouaw.fr\/en\/product\/lunette-azr-4533\/","title":{"rendered":"LUNETTE AZR 4533"},"content":{"rendered":"<p>AZR IZOARD, POUR LES PETITS VISAGES Id\u00e9al pour les adolescents, les femmes ou les hommes avec un petit visage, le mod\u00e8le IZOARD sera satisfaire le plus grand nombre de personnes. LES + PRODUITS : &#8211; \u00c9cran de haute qualit\u00e9 6 ventilations pour favoriser le flux d\u2019air et \u00e9viter la bu\u00e9e. &#8211; Poids : 20 gr. &#8211; Nez r\u00e9glable et antiglisse : maintien et confort. &#8211; Embouts de branches antiglisse. CARATERISTIQUES : Monture : &#8211; Monture ultra l\u00e9g\u00e8re en GRILAMID. Ecran : &#8211; \u00c9cran SPH\u00c9RIQUE en polycarbonate incassable tr\u00e8s protecteur et encore plus enveloppante et assure une protection 100% anti-UV. . &#8211; \u00c9cran traitement hydrophobe permet de r\u00e9duire les traces sur l\u2019\u00e9cran notamment d\u2019eau. &#8211; \u00c9cran multicouche cat\u00e9gorie 3 : \u00e0 porter pour lutter contre une forte luminosit\u00e9. &#8211; La teinte d\u2019\u00e9cran multicouche disponible : VIOLET RANGEMENT : &#8211; Etui en microfibre. NORME : &#8211; Homologu\u00e9 normes CE &#8211; Toutes nos lunettes AZR sont conformes aux r\u00e8glements UE 2016\/425, selon la norme ISO 12312.1 : 2013\/A1 : 2015.<\/p>\n","protected":false},"excerpt":{"rendered":"<p>AZR IZOARD, POUR LES PETITS VISAGES Id\u00e9al pour les adolescents, les femmes ou les hommes avec un petit visage, le [&hellip;]<\/p>\n","protected":false},"featured_media":12225,"template":"","meta":{"site-sidebar-layout":"default","site-content-layout":"","ast-site-content-layout":"default","site-content-style":"default","site-sidebar-style":"default","ast-global-header-display":"","ast-banner-title-visibility":"","ast-main-header-display":"","ast-hfb-above-header-display":"","ast-hfb-below-header-display":"","ast-hfb-mobile-header-display":"","site-post-title":"","ast-breadcrumbs-content":"","ast-featured-img":"","footer-sml-layout":"","ast-disable-related-posts":"","theme-transparent-header-meta":"default","adv-header-id-meta":"","stick-header-meta":"","header-above-stick-meta":"","header-main-stick-meta":"","header-below-stick-meta":"","astra-migrate-meta-layouts":"set","ast-page-background-enabled":"default","ast-page-background-meta":{"desktop":{"background-color":"var(--ast-global-color-5)","background-image":"","background-repeat":"repeat","background-position":"center center","background-size":"auto","background-attachment":"scroll","background-type":"","background-media":"","overlay-type":"","overlay-color":"","overlay-opacity":"","overlay-gradient":""},"tablet":{"background-color":"","background-image":"","background-repeat":"repeat","background-position":"center center","background-size":"auto","background-attachment":"scroll","background-type":"","background-media":"","overlay-type":"","overlay-color":"","overlay-opacity":"","overlay-gradient":""},"mobile":{"background-color":"","background-image":"","background-repeat":"repeat","background-position":"center center","background-size":"auto","background-attachment":"scroll","background-type":"","background-media":"","overlay-type":"","overlay-color":"","overlay-opacity":"","overlay-gradient":""}},"ast-content-background-meta":{"desktop":{"background-color":"var(--ast-global-color-4)","background-image":"","background-repeat":"repeat","background-position":"center center","background-size":"auto","background-attachment":"scroll","background-type":"","background-media":"","overlay-type":"","overlay-color":"","overlay-opacity":"","overlay-gradient":""},"tablet":{"background-color":"var(--ast-global-color-4)","background-image":"","background-repeat":"repeat","background-position":"center center","background-size":"auto","background-attachment":"scroll","background-type":"","background-media":"","overlay-type":"","overlay-color":"","overlay-opacity":"","overlay-gradient":""},"mobile":{"background-color":"var(--ast-global-color-4)","background-image":"","background-repeat":"repeat","background-position":"center center","background-size":"auto","background-attachment":"scroll","background-type":"","background-media":"","overlay-type":"","overlay-color":"","overlay-opacity":"","overlay-gradient":""}}},"product_brand":[],"product_cat":[297],"product_tag":[],"class_list":{"0":"post-12224","1":"product","2":"type-product","3":"status-publish","4":"has-post-thumbnail","6":"product_cat-sunglasses","7":"pa_taille-taille-unique","8":"desktop-align-left","9":"tablet-align-left","10":"mobile-align-left","12":"first","13":"instock","14":"taxable","15":"shipping-taxable","16":"purchasable","17":"product-type-variable"},"_links":{"self":[{"href":"https:\/\/crewline.wouaw.fr\/en\/wp-json\/wp\/v2\/product\/12224","targetHints":{"allow":["GET"]}}],"collection":[{"href":"https:\/\/crewline.wouaw.fr\/en\/wp-json\/wp\/v2\/product"}],"about":[{"href":"https:\/\/crewline.wouaw.fr\/en\/wp-json\/wp\/v2\/types\/product"}],"wp:featuredmedia":[{"embeddable":true,"href":"https:\/\/crewline.wouaw.fr\/en\/wp-json\/wp\/v2\/media\/12225"}],"wp:attachment":[{"href":"https:\/\/crewline.wouaw.fr\/en\/wp-json\/wp\/v2\/media?parent=12224"}],"wp:term":[{"taxonomy":"product_brand","embeddable":true,"href":"https:\/\/crewline.wouaw.fr\/en\/wp-json\/wp\/v2\/product_brand?post=12224"},{"taxonomy":"product_cat","embeddable":true,"href":"https:\/\/crewline.wouaw.fr\/en\/wp-json\/wp\/v2\/product_cat?post=12224"},{"taxonomy":"product_tag","embeddable":true,"href":"https:\/\/crewline.wouaw.fr\/en\/wp-json\/wp\/v2\/product_tag?post=12224"}],"curies":[{"name":"wp","href":"https:\/\/api.w.org\/{rel}","templated":true}]}}